{"id":4154,"date":"2024-06-28T08:11:18","date_gmt":"2024-06-28T08:11:18","guid":{"rendered":"https:\/\/entangelments.de\/?page_id=4154"},"modified":"2024-06-28T08:11:54","modified_gmt":"2024-06-28T08:11:54","slug":"tom-sojer","status":"publish","type":"page","link":"https:\/\/entangelments.de\/es\/tom-sojer","title":{"rendered":"Tom Sojer"},"content":{"rendered":"\n<figure class=\"wp-block-image size-large\"><img loading=\"lazy\" decoding=\"async\" width=\"1909\" height=\"1080\" src=\"https:\/\/entangelments.de\/wp-content\/uploads\/2024\/06\/portrait-ts-web-1909x1080.jpg\" alt=\"alt=&quot;Tom Sojer, Portrait&quot;&gt;\" class=\"wp-image-4148\" srcset=\"https:\/\/entangelments.de\/wp-content\/uploads\/2024\/06\/portrait-ts-web-1909x1080.jpg 1909w, https:\/\/entangelments.de\/wp-content\/uploads\/2024\/06\/portrait-ts-web-382x216.jpg 382w, https:\/\/entangelments.de\/wp-content\/uploads\/2024\/06\/portrait-ts-web-192x108.jpg 192w, https:\/\/entangelments.de\/wp-content\/uploads\/2024\/06\/portrait-ts-web-768x434.jpg 768w, https:\/\/entangelments.de\/wp-content\/uploads\/2024\/06\/portrait-ts-web-1536x869.jpg 1536w, https:\/\/entangelments.de\/wp-content\/uploads\/2024\/06\/portrait-ts-web-388x220.jpg 388w, https:\/\/entangelments.de\/wp-content\/uploads\/2024\/06\/portrait-ts-web.jpg 1920w\" sizes=\"auto, (max-width: 1909px) 100vw, 1909px\" \/><figcaption class=\"wp-element-caption\">Tom Sojer<\/figcaption><\/figure>\n\n\n\n<p><strong>desde&nbsp;<\/strong>2024 Director de la&nbsp;<em>biblioteca Hohenems<\/em>&nbsp;en Vorarlberg, Austria&nbsp;<a href=\"https:\/\/hohenems.bvoe.at\/\">(https:\/\/hohenems.bvoe.at<\/a>&nbsp;).<\/p>\n\n\n\n<p><strong>desde 2023&nbsp;<\/strong>Direcci\u00f3n y organizaci\u00f3n del&nbsp;<em>Centro de Estudios Artes del Lenguaje y Religi\u00f3n<\/em>&nbsp;junto con J\u00f6rg Seiler (&nbsp;<a href=\"http:\/\/www.uni-erfurt.de\/go\/sprachkunst-und-religion\">www.uni-erfurt.de\/go\/sprachkunst-und-religion<\/a>)<\/p>\n\n\n\n<p><strong>2022-2024&nbsp;<\/strong>Organizaci\u00f3n y acogida de eventos literarios en el 103 Katholikentag de Erfurt 2024&nbsp;<a href=\"https:\/\/www.katholikentag.de\/programmmenue\">(https:\/\/www.katholikentag.de\/programmmenue<\/a>)<\/p>\n\n\n\n<p><strong>desde<\/strong>&nbsp;<strong>2020<\/strong>&nbsp;Miembro fundador y colaborador de&nbsp;<em>la&nbsp;<\/em>red DFG&nbsp;<em>The Postsecular Performances Network&nbsp;<\/em><a href=\"https:\/\/postsecularperformances.wordpress.com\/\">(https:\/\/postsecularperformances.wordpress.com\/<\/a>)<\/p>\n\n\n\n<p><strong>desde 2019<\/strong>&nbsp;Miembro fundador y colaborador del Simone Weil Denkkollektiv junto con Martina Bengert y Max Walther en HU Berlin (&nbsp;<a href=\"http:\/\/www.simoneweil-denkkollektiv.de\/\">www.simoneweil-denkkollektiv.de)<\/a><\/p>\n\n\n\n<p><strong>desde 2007<\/strong>&nbsp;Organizaci\u00f3n y desarrollo de formatos literario-musicales en Austria y Alemania<\/p>\n","protected":false},"excerpt":{"rendered":"<p>desde&nbsp;2024 Director de la&nbsp;biblioteca Hohenems&nbsp;en Vorarlberg, Austria&nbsp;(https:\/\/hohenems.bvoe.at&nbsp;). desde 2023&nbsp;Direcci\u00f3n y organizaci\u00f3n del&nbsp;Centro de Estudios Artes del Lenguaje y Religi\u00f3n&nbsp;junto con J\u00f6rg Seiler (&nbsp;www.uni-erfurt.de\/go\/sprachkunst-und-religion) 2022-2024&nbsp;Organizaci\u00f3n y<a class=\"moretag\" href=\"https:\/\/entangelments.de\/es\/tom-sojer\"> [&#8230;]<\/a><\/p>\n","protected":false},"author":3,"featured_media":4150,"parent":0,"menu_order":0,"comment_status":"closed","ping_status":"closed","template":"","meta":{"footnotes":""},"class_list":["post-4154","page","type-page","status-publish","has-post-thumbnail","hentry"],"_links":{"self":[{"href":"https:\/\/entangelments.de\/es\/wp-json\/wp\/v2\/pages\/4154","targetHints":{"allow":["GET"]}}],"collection":[{"href":"https:\/\/entangelments.de\/es\/wp-json\/wp\/v2\/pages"}],"about":[{"href":"https:\/\/entangelments.de\/es\/wp-json\/wp\/v2\/types\/page"}],"author":[{"embeddable":true,"href":"https:\/\/entangelments.de\/es\/wp-json\/wp\/v2\/users\/3"}],"replies":[{"embeddable":true,"href":"https:\/\/entangelments.de\/es\/wp-json\/wp\/v2\/comments?post=4154"}],"version-history":[{"count":2,"href":"https:\/\/entangelments.de\/es\/wp-json\/wp\/v2\/pages\/4154\/revisions"}],"predecessor-version":[{"id":4158,"href":"https:\/\/entangelments.de\/es\/wp-json\/wp\/v2\/pages\/4154\/revisions\/4158"}],"wp:featuredmedia":[{"embeddable":true,"href":"https:\/\/entangelments.de\/es\/wp-json\/wp\/v2\/media\/4150"}],"wp:attachment":[{"href":"https:\/\/entangelments.de\/es\/wp-json\/wp\/v2\/media?parent=4154"}],"curies":[{"name":"wp","href":"https:\/\/api.w.org\/{rel}","templated":true}]}}