{"id":2911,"date":"2021-06-19T09:31:46","date_gmt":"2021-06-19T09:31:46","guid":{"rendered":"https:\/\/entangelments.de\/impressum"},"modified":"2022-11-01T18:24:39","modified_gmt":"2022-11-01T18:24:39","slug":"impressum","status":"publish","type":"page","link":"https:\/\/entangelments.de\/es\/impressum","title":{"rendered":"Pie de imprenta"},"content":{"rendered":"\n<p>\u00abEntangelments\u00bb es un proyecto del espacio de proyectos Fraktalwerk.<\/p>\n\n\n\n<p>El copyright y todos los derechos de los textos, las fotos, as\u00ed como las ediciones y los montajes del blog pertenecen -salvo que se indique lo contrario- a Fraktalwerk.<\/p>\n\n\n\n<p>Direcciones del espacio del proyecto<\/p>\n\n\n\n<p>Fraktalwerk<br>Espacio para proyectos est\u00e9ticos<\/p>\n\n\n\n<p>Proyecto Espacio Berl\u00edn<br>Susanne Kretzer<br>Florastr. 4<br>13187 Berl\u00edn<br>tel\u00e9fono: +49(0)30 461 77 19<\/p>\n\n\n\n<p>info (at) fraktalwerk.de<\/p>\n\n\n\n<p>Responsable del contenido (seg\u00fan el art\u00edculo 10, apartado 3, del MDStV): Susanne Kretzer<\/p>\n\n\n\n<p>Aviso legal<\/p>\n\n\n\n<ol class=\"wp-block-list\"><li>limitaci\u00f3n de la responsabilidad<br>Los contenidos de este sitio web se han creado con el mayor cuidado posible. Sin embargo, el proveedor no acepta ninguna responsabilidad por la exactitud, integridad y actualizaci\u00f3n del contenido proporcionado. El uso de los contenidos del sitio web se realiza por cuenta y riesgo del usuario. Las contribuciones identificadas por su nombre reflejan la opini\u00f3n del autor respectivo y no siempre la del proveedor. El mero uso del sitio web del proveedor no constituye ninguna relaci\u00f3n contractual entre el usuario y el proveedor.<\/li><\/ol>\n\n\n\n<p>2 Enlaces externos<br>Este sitio web contiene enlaces a sitios web de terceros (\u00abenlaces externos\u00bb). Estos sitios web est\u00e1n sujetos a la responsabilidad de sus respectivos operadores. Cuando se crearon los enlaces externos, el proveedor comprob\u00f3 que el contenido externo no infring\u00eda la ley. En ese momento, no se apreciaba ninguna infracci\u00f3n legal. El proveedor no tiene ninguna influencia sobre el dise\u00f1o y el contenido actual y futuro de las p\u00e1ginas enlazadas. La inclusi\u00f3n de enlaces externos no implica que el proveedor adopte como propios los contenidos que se encuentran tras la referencia o el enlace. La supervisi\u00f3n constante de estos enlaces externos no es razonable para el proveedor si no hay indicios concretos de violaciones legales. No obstante, estos enlaces externos se eliminar\u00e1n inmediatamente si se conocen infracciones legales.<\/p>\n\n\n\n<ol class=\"wp-block-list\" start=\"3\"><li>derechos de autor y derechos auxiliares<br>Los contenidos publicados en este sitio web est\u00e1n sujetos a la legislaci\u00f3n alemana sobre derechos de autor y derechos conexos. Cualquier uso no permitido por la legislaci\u00f3n alemana sobre derechos de autor y derechos conexos requiere el consentimiento previo por escrito del proveedor o del respectivo titular de los derechos. Esto se aplica, en particular, a la copia, edici\u00f3n, traducci\u00f3n, almacenamiento, procesamiento o reproducci\u00f3n de contenidos en bases de datos u otros medios y sistemas electr\u00f3nicos. Los contenidos y derechos de terceros est\u00e1n marcados como tales. La reproducci\u00f3n o transmisi\u00f3n no autorizada de contenidos individuales o p\u00e1ginas completas no est\u00e1 permitida y es sancionada por la ley. S\u00f3lo se permite la producci\u00f3n de copias y descargas para uso personal, privado y no comercial.<\/li><\/ol>\n\n\n\n<p>La visualizaci\u00f3n de este sitio web en marcos externos s\u00f3lo est\u00e1 permitida con autorizaci\u00f3n escrita.<\/p>\n\n\n\n<ol class=\"wp-block-list\" start=\"4\"><li>protecci\u00f3n de datos<br>Al visitar el sitio web del proveedor, se puede almacenar informaci\u00f3n sobre el acceso (fecha, hora, p\u00e1gina visitada). Estos datos no pertenecen a los datos personales, sino que est\u00e1n anonimizados. Se eval\u00faan exclusivamente con fines estad\u00edsticos. No se transmite a terceros con fines comerciales o no comerciales. Consulte la declaraci\u00f3n de protecci\u00f3n de datos.<\/li><\/ol>\n\n\n\n<p>El proveedor se\u00f1ala expresamente que la transmisi\u00f3n de datos en Internet (por ejemplo, la comunicaci\u00f3n por correo electr\u00f3nico) est\u00e1 sujeta a lagunas de seguridad y no puede estar completamente protegida contra el acceso de terceros.<\/p>\n\n\n\n<p>No se desea expresamente el uso de los datos de contacto del pie de imprenta para publicidad comercial, a menos que el proveedor haya dado su consentimiento previo por escrito o que ya exista una relaci\u00f3n comercial. El proveedor y todas las personas mencionadas en este sitio web se oponen a cualquier uso comercial y a la divulgaci\u00f3n de sus datos.<\/p>\n\n\n\n<p>5 Condiciones especiales de uso<br>En la medida en que las condiciones especiales para los usos individuales de este sitio web se desv\u00eden de los n\u00fameros 1 a 4 antes mencionados, esto se indicar\u00e1 expresamente en el lugar correspondiente. En este caso, se aplicar\u00e1n las condiciones especiales de uso en cada caso concreto.<\/p>\n\n\n\n<p>Fuente: Descargo de responsabilidad de www.Juraforum.de<\/p>\n","protected":false},"excerpt":{"rendered":"<p>\u00abEntangelments\u00bb es un proyecto del espacio de proyectos Fraktalwerk. El copyright y todos los derechos de los textos, las fotos, as\u00ed como las ediciones y<a class=\"moretag\" href=\"https:\/\/entangelments.de\/es\/impressum\"> [&#8230;]<\/a><\/p>\n","protected":false},"author":1,"featured_media":0,"parent":0,"menu_order":0,"comment_status":"closed","ping_status":"closed","template":"","meta":{"footnotes":""},"class_list":["post-2911","page","type-page","status-publish","hentry"],"_links":{"self":[{"href":"https:\/\/entangelments.de\/es\/wp-json\/wp\/v2\/pages\/2911","targetHints":{"allow":["GET"]}}],"collection":[{"href":"https:\/\/entangelments.de\/es\/wp-json\/wp\/v2\/pages"}],"about":[{"href":"https:\/\/entangelments.de\/es\/wp-json\/wp\/v2\/types\/page"}],"author":[{"embeddable":true,"href":"https:\/\/entangelments.de\/es\/wp-json\/wp\/v2\/users\/1"}],"replies":[{"embeddable":true,"href":"https:\/\/entangelments.de\/es\/wp-json\/wp\/v2\/comments?post=2911"}],"version-history":[{"count":2,"href":"https:\/\/entangelments.de\/es\/wp-json\/wp\/v2\/pages\/2911\/revisions"}],"predecessor-version":[{"id":2920,"href":"https:\/\/entangelments.de\/es\/wp-json\/wp\/v2\/pages\/2911\/revisions\/2920"}],"wp:attachment":[{"href":"https:\/\/entangelments.de\/es\/wp-json\/wp\/v2\/media?parent=2911"}],"curies":[{"name":"wp","href":"https:\/\/api.w.org\/{rel}","templated":true}]}}