{"id":2890,"date":"2021-07-13T16:07:17","date_gmt":"2021-07-13T16:07:17","guid":{"rendered":"https:\/\/entangelments.de\/ueber-uns"},"modified":"2022-11-01T17:56:38","modified_gmt":"2022-11-01T17:56:38","slug":"ueber-uns","status":"publish","type":"page","link":"https:\/\/entangelments.de\/es\/ueber-uns","title":{"rendered":"Sobre nosotros"},"content":{"rendered":"\n<p>El proyecto \u00abEntangelments\u00bb es realizado por<a href=\"https:\/\/entangelments.de\/es\/libertad-esmeralda-iocco\" data-type=\"page\" data-id=\"2836\"> Libertad Esmeralda Iocco<\/a> (LEI), <a href=\"https:\/\/entangelments.de\/es\/marlen-wagner\" data-type=\"page\" data-id=\"2849\">Marlen Wagner<\/a> (MW) y <a href=\"https:\/\/entangelments.de\/es\/robert-krokowski\" data-type=\"page\" data-id=\"2853\">Robert Krokowski<\/a> (RK) como parte del trabajo de Fraktalwerk. Se trata de un proyecto a largo plazo en el horizonte de la Capital de la Cultura Chemnitz 2025. El proyecto 2020\/21 \u00abLos gestos como mediadores entre culturas\u00bb es la primera secci\u00f3n de este proyecto.<\/p>\n\n\n\n<p>La <a href=\"https:\/\/fraktalwerk.de\/es\/\" target=\"_blank\" rel=\"noreferrer noopener\">Fraktalwerk<\/a> ofrece un espacio para experiencias de acci\u00f3n performativa (conjunta) en proyectos art\u00edsticos y est\u00e9ticos. Los Proyectos Est\u00e9ticos de la Fraktalwerk son un formato que combina el arte participativo con la educaci\u00f3n est\u00e9tica.<\/p>\n\n\n\n<p>M\u00e1s informaci\u00f3n sobre el espacio de trabajo del proyecto en el sitio web de <a href=\"https:\/\/fraktalwerk.de\/es\/\" target=\"_blank\" rel=\"noreferrer noopener\">Fraktalwerk<\/a>.<\/p>\n","protected":false},"excerpt":{"rendered":"<p>El proyecto \u00abEntangelments\u00bb es realizado por Libertad Esmeralda Iocco (LEI), Marlen Wagner (MW) y Robert Krokowski (RK) como parte del trabajo de Fraktalwerk. Se trata<a class=\"moretag\" href=\"https:\/\/entangelments.de\/es\/ueber-uns\"> [&#8230;]<\/a><\/p>\n","protected":false},"author":1,"featured_media":0,"parent":0,"menu_order":0,"comment_status":"closed","ping_status":"closed","template":"","meta":{"footnotes":""},"class_list":["post-2890","page","type-page","status-publish","hentry"],"_links":{"self":[{"href":"https:\/\/entangelments.de\/es\/wp-json\/wp\/v2\/pages\/2890","targetHints":{"allow":["GET"]}}],"collection":[{"href":"https:\/\/entangelments.de\/es\/wp-json\/wp\/v2\/pages"}],"about":[{"href":"https:\/\/entangelments.de\/es\/wp-json\/wp\/v2\/types\/page"}],"author":[{"embeddable":true,"href":"https:\/\/entangelments.de\/es\/wp-json\/wp\/v2\/users\/1"}],"replies":[{"embeddable":true,"href":"https:\/\/entangelments.de\/es\/wp-json\/wp\/v2\/comments?post=2890"}],"version-history":[{"count":3,"href":"https:\/\/entangelments.de\/es\/wp-json\/wp\/v2\/pages\/2890\/revisions"}],"predecessor-version":[{"id":2895,"href":"https:\/\/entangelments.de\/es\/wp-json\/wp\/v2\/pages\/2890\/revisions\/2895"}],"wp:attachment":[{"href":"https:\/\/entangelments.de\/es\/wp-json\/wp\/v2\/media?parent=2890"}],"curies":[{"name":"wp","href":"https:\/\/api.w.org\/{rel}","templated":true}]}}