{"id":2853,"date":"2021-07-13T09:03:37","date_gmt":"2021-07-13T09:03:37","guid":{"rendered":"https:\/\/entangelments.de\/robert-krokowski"},"modified":"2023-10-14T07:45:40","modified_gmt":"2023-10-14T07:45:40","slug":"robert-krokowski","status":"publish","type":"page","link":"https:\/\/entangelments.de\/es\/robert-krokowski","title":{"rendered":"Robert Krokowski"},"content":{"rendered":"\n<figure class=\"wp-block-image size-full\"><img loading=\"lazy\" decoding=\"async\" width=\"1920\" height=\"1080\" src=\"https:\/\/entangelments.de\/wp-content\/uploads\/2022\/07\/IMG_7673_youtube.jpg\" alt=\"\" class=\"wp-image-2543\" srcset=\"https:\/\/entangelments.de\/wp-content\/uploads\/2022\/07\/IMG_7673_youtube.jpg 1920w, https:\/\/entangelments.de\/wp-content\/uploads\/2022\/07\/IMG_7673_youtube-384x216.jpg 384w, https:\/\/entangelments.de\/wp-content\/uploads\/2022\/07\/IMG_7673_youtube-192x108.jpg 192w, https:\/\/entangelments.de\/wp-content\/uploads\/2022\/07\/IMG_7673_youtube-768x432.jpg 768w, https:\/\/entangelments.de\/wp-content\/uploads\/2022\/07\/IMG_7673_youtube-1536x864.jpg 1536w\" sizes=\"auto, (max-width: 1920px) 100vw, 1920px\" \/><figcaption class=\"wp-element-caption\">\u00a9 Fraktalwerk Projektraum<\/figcaption><\/figure>\n\n\n\n<p><a href=\"https:\/\/krokowski.com\/\" data-type=\"link\" data-id=\"https:\/\/krokowski.com\/\">www.krokowski.com<\/a><\/p>\n\n\n\n<p><strong>desde 2020 <\/strong>el proyecto de Fraktalwerk \u00abMensajes. El lenguaje de los \u00e1ngeles\u00bb con Libertad Esmeralda Iocco y Marlen Wagner<\/p>\n\n\n\n<p><strong>desde 2017 <\/strong>Proyectos individuales y de grupo en el proyecto de larga duraci\u00f3n de Fraktalwerk \u00abTraumbeute\u00bb (http:\/\/traumbeute.de\/)<\/p>\n\n\n\n<p><strong>desde 2015<\/strong> Cofundador, colaborador y cooperador del espacio de proyectos est\u00e9ticos Fraktalwerk en Berl\u00edn y Chemnitz (www.fraktalwerk.de)<\/p>\n\n\n\n<p><strong>2007-2010<\/strong> Realizaci\u00f3n de proyectos est\u00e9ticos y de arte participativo con equipos del \u00e1mbito del trabajo social en escuelas y universidades<\/p>\n\n\n\n<p><strong>desde 2005 <\/strong>Proyectos de arte, proyectos de arte participativo y proyectos de educaci\u00f3n est\u00e9tica, exposiciones y conferencias, publicaciones de ensayos sobre psicoan\u00e1lisis y teor\u00eda est\u00e9tica (https:\/\/de.wikipedia.org\/wiki\/Robert_Krokowski)<\/p>\n\n\n\n<p><strong>2003-2005<\/strong> Tareas de ense\u00f1anza y contratos de trabajo sobre la educaci\u00f3n est\u00e9tica en la investigaci\u00f3n sobre la ense\u00f1anza y el aprendizaje en la Universidad de Ciencias Aplicadas de Neubrandenburg en el Departamento de Trabajo Social, Educaci\u00f3n y Formaci\u00f3n, en la especialidad de est\u00e9tica y comunicaci\u00f3n\/trabajo cultural y de medios. Junto con Ulrike Hanke, desarrollo del formato \u00abProyectos Est\u00e9ticos\u00bb.<\/p>\n\n\n\n<p><strong>Desde el a\u00f1o 2000<\/strong>, desarrollo y ejecuci\u00f3n del proyecto a largo plazo \u00abDie Schrift der Engel\u00bb ((http:\/\/www.schrift-der-engel.de\/)<\/p>\n","protected":false},"excerpt":{"rendered":"<p>www.krokowski.com desde 2020 el proyecto de Fraktalwerk \u00abMensajes. El lenguaje de los \u00e1ngeles\u00bb con Libertad Esmeralda Iocco y Marlen Wagner desde 2017 Proyectos individuales y<a class=\"moretag\" href=\"https:\/\/entangelments.de\/es\/robert-krokowski\"> [&#8230;]<\/a><\/p>\n","protected":false},"author":1,"featured_media":0,"parent":0,"menu_order":0,"comment_status":"closed","ping_status":"closed","template":"","meta":{"footnotes":""},"class_list":["post-2853","page","type-page","status-publish","hentry"],"_links":{"self":[{"href":"https:\/\/entangelments.de\/es\/wp-json\/wp\/v2\/pages\/2853","targetHints":{"allow":["GET"]}}],"collection":[{"href":"https:\/\/entangelments.de\/es\/wp-json\/wp\/v2\/pages"}],"about":[{"href":"https:\/\/entangelments.de\/es\/wp-json\/wp\/v2\/types\/page"}],"author":[{"embeddable":true,"href":"https:\/\/entangelments.de\/es\/wp-json\/wp\/v2\/users\/1"}],"replies":[{"embeddable":true,"href":"https:\/\/entangelments.de\/es\/wp-json\/wp\/v2\/comments?post=2853"}],"version-history":[{"count":3,"href":"https:\/\/entangelments.de\/es\/wp-json\/wp\/v2\/pages\/2853\/revisions"}],"predecessor-version":[{"id":4045,"href":"https:\/\/entangelments.de\/es\/wp-json\/wp\/v2\/pages\/2853\/revisions\/4045"}],"wp:attachment":[{"href":"https:\/\/entangelments.de\/es\/wp-json\/wp\/v2\/media?parent=2853"}],"curies":[{"name":"wp","href":"https:\/\/api.w.org\/{rel}","templated":true}]}}