{"id":2849,"date":"2021-07-13T09:01:58","date_gmt":"2021-07-13T09:01:58","guid":{"rendered":"https:\/\/entangelments.de\/marlen-wagner"},"modified":"2024-06-28T08:05:29","modified_gmt":"2024-06-28T08:05:29","slug":"marlen-wagner","status":"publish","type":"page","link":"https:\/\/entangelments.de\/es\/marlen-wagner","title":{"rendered":"Marlen Wagner"},"content":{"rendered":"\n<figure class=\"wp-block-image size-large\"><img loading=\"lazy\" decoding=\"async\" width=\"1911\" height=\"1080\" src=\"https:\/\/entangelments.de\/wp-content\/uploads\/2024\/06\/Marlen-Wagner_2024-06-28-1911x1080.jpg\" alt=\"alt=&quot;Marlen Wagner, Portrait&quot;&gt;\" class=\"wp-image-4165\" srcset=\"https:\/\/entangelments.de\/wp-content\/uploads\/2024\/06\/Marlen-Wagner_2024-06-28-1911x1080.jpg 1911w, https:\/\/entangelments.de\/wp-content\/uploads\/2024\/06\/Marlen-Wagner_2024-06-28-382x216.jpg 382w, https:\/\/entangelments.de\/wp-content\/uploads\/2024\/06\/Marlen-Wagner_2024-06-28-192x108.jpg 192w, https:\/\/entangelments.de\/wp-content\/uploads\/2024\/06\/Marlen-Wagner_2024-06-28-768x434.jpg 768w, https:\/\/entangelments.de\/wp-content\/uploads\/2024\/06\/Marlen-Wagner_2024-06-28-1536x868.jpg 1536w, https:\/\/entangelments.de\/wp-content\/uploads\/2024\/06\/Marlen-Wagner_2024-06-28-388x220.jpg 388w, https:\/\/entangelments.de\/wp-content\/uploads\/2024\/06\/Marlen-Wagner_2024-06-28.jpg 1920w\" sizes=\"auto, (max-width: 1911px) 100vw, 1911px\" \/><figcaption class=\"wp-element-caption\">Marlen Wagner<\/figcaption><\/figure>\n\n\n\n<p><strong>04.2024\u00a0<\/strong>3. <a href=\"https:\/\/kunsthallebelow.de\/artistbooks24\/\">KHB Buchmesse <\/a>\u2013 feria del libro de artista, Berl\u00edn: exposici\u00f3n y lectura (\u00abDer Tag der ziegelroten Karte\u00bb, de: <em><a href=\"https:\/\/books.apple.com\/de\/book\/numepee-tr\u00e4umt-the-berlin-letter-mystery\/id1385049418\">Numepee dreams. El misterio de las cartas de Berl\u00edn<\/a><\/em>)<\/p>\n\n\n\n<p><strong>06\/07 2023<\/strong> Fin de semana de ensue\u00f1o organizado por The Missing Link en Berg\u00fcn\/Suiza <a href=\"https:\/\/fraktalwerk.de\/es\/el-hotel-un-sueno\">El Hotel &#8211; un sue\u00f1o<\/a>; Lectura \u00abTraumspuren &#8211; Grau\/Huellas del sue\u00f1o &#8211; Gris\u00bb; Espect\u00e1culo de danza \u00abTango Passage\u00bb con Libertad Esmeralda Iocco y Robert Krokowski<\/p>\n\n\n\n<p><strong>2022<\/strong> Exposici\u00f3n fotogr\u00e1fica Chemnitz <a href=\"https:\/\/entangelments.de\/es\/fotoausstellung-i-marlen-wagner-dies-ist-keine-zeigegeste\">Esto no es un gesto de se\u00f1alar<\/a><\/p>\n\n\n\n<p><strong>desde 2021<\/strong> Libros de artista (m\u00e1s en<a href=\"https:\/\/www.youtube.com\/@marlenwagner\/videos\"> YouTube<\/a> e <a href=\"https:\/\/www.instagram.com\/marlenwagner7\/\">Instagram<\/a>)<\/p>\n\n\n\n<p><strong>2021<\/strong> Proyecto Fraktalwerk por invitaci\u00f3n de The Missing Link, Zurich, Suiza: <a href=\"https:\/\/fraktalwerk.de\/traumstationen-geheimagent-traum\">Sue\u00f1o de agente secreto<\/a><\/p>\n\n\n\n<p><strong>desde 2020 <\/strong>Proyecto Fraktalwerk <a href=\"https:\/\/entangelments.de\/es\/\">Entangelments<\/a> con Libertad Esmeralda Iocco y Robert Krokowski e invitados<\/p>\n\n\n\n<p><strong>desde 2018<\/strong> Proyecto literario \u00ab<a href=\"https:\/\/fraktalwerk.de\/es\/numepee-traeumt-the-berlin-letter-mystery\">Numepee dreams<\/a>\u00bb <\/p>\n\n\n\n<p><strong>desde 2017<\/strong> Proyectos individuales y de grupo en el proyecto de larga duraci\u00f3n de Fraktalwerk <a href=\"https:\/\/traumbeute.de\/es\/\">Pesa del sue\u00f1o<\/a><\/p>\n\n\n\n<p><strong>desde 2015<\/strong> Cofundador, cooperador y colaborador del espacio de proyectos <a href=\"https:\/\/fraktalwerk.de\/es\/\">Fraktalwerk Berl\u00edn<\/a> <\/p>\n\n\n\n<p><strong>desde 2011<\/strong> proyectos y actuaciones de Land-Art, en parte en colaboraci\u00f3n con Robert Krokowski. Entre otros: Performance <a href=\"https:\/\/fraktalwerk.de\/es\/berlin-letter-mysteries-im-salon-der-sprachen-lecture-performance-von-robert-krokowski\">Traumzeit<\/a>, Berl\u00edn, Salon der Sprachen en el contexto de la conferencia-performance Robert Krokowski \u00abLos misterios de las cartas de Berl\u00edn: \u00bfmensajes secretos de una conspiraci\u00f3n?\u00bb I Performance \u00abTiempo-Espacio\u00bb, en el marco de la performance de la azotea de Fraktalwerk, Berl\u00edn I Serie de performances <a href=\"https:\/\/fraktalwerk.de\/es\/der-rote-faden\">Hilo rojo<\/a>, Dar\u00df, Berl\u00edn, Brandenburgo (https:\/\/fraktalwerk.de\/der-rote-faden-red-thread) I Serie de performances y land art <a href=\"http:\/\/marlen-wagner.de\/labyrinth.html\">Laberintos<\/a>, Dar\u00df y Berl\u00edn: crujir de p\u00faas\/ser observado; estar inundado\/en un islote des\u00e9rtico; entrada marinera\/oculta <\/p>\n\n\n\n<p><strong>desde 2010 <\/strong>fotograf\u00eda de danza y publicaciones de fotograf\u00eda de danza (-&gt; <a href=\"https:\/\/fraktalwerk.de\/es\/\">leer m\u00e1s<\/a>)<\/p>\n\n\n\n<p><strong>desde 2007<\/strong> proyectos individuales y de grupo en el proyecto a largo plazo de la Fraktalwerk <a href=\"http:\/\/www.schrift-der-engel.de\">Schrift der Engel<\/a><\/p>\n\n\n\n<p><strong>desde el a\u00f1o 2000<\/strong> redactor aut\u00f3nomo y editor de proyectos de medios de comunicaci\u00f3n<\/p>\n\n\n\n<p><strong>desde 1990 <\/strong>Proyectos fotogr\u00e1ficos (danza, performance, documentaci\u00f3n de exposiciones)<\/p>\n\n\n\n<p><strong>1985-1990 <\/strong>Dibujos de tiza, exposiciones en Berl\u00edn, serie \u00abLamar\u00bb<\/p>\n\n\n\n<p><strong>desde 1985<\/strong> Artista independiente<\/p>\n\n\n\n<p><strong>hasta 1985<\/strong> Estudios completos de lengua y literatura alemanas y de filosof\u00eda en Bochum y Berl\u00edn<\/p>\n","protected":false},"excerpt":{"rendered":"<p>04.2024\u00a03. KHB Buchmesse \u2013 feria del libro de artista, Berl\u00edn: exposici\u00f3n y lectura (\u00abDer Tag der ziegelroten Karte\u00bb, de: Numepee dreams. El misterio de las<a class=\"moretag\" href=\"https:\/\/entangelments.de\/es\/marlen-wagner\"> [&#8230;]<\/a><\/p>\n","protected":false},"author":1,"featured_media":0,"parent":0,"menu_order":0,"comment_status":"closed","ping_status":"closed","template":"","meta":{"footnotes":""},"class_list":["post-2849","page","type-page","status-publish","hentry"],"_links":{"self":[{"href":"https:\/\/entangelments.de\/es\/wp-json\/wp\/v2\/pages\/2849","targetHints":{"allow":["GET"]}}],"collection":[{"href":"https:\/\/entangelments.de\/es\/wp-json\/wp\/v2\/pages"}],"about":[{"href":"https:\/\/entangelments.de\/es\/wp-json\/wp\/v2\/types\/page"}],"author":[{"embeddable":true,"href":"https:\/\/entangelments.de\/es\/wp-json\/wp\/v2\/users\/1"}],"replies":[{"embeddable":true,"href":"https:\/\/entangelments.de\/es\/wp-json\/wp\/v2\/comments?post=2849"}],"version-history":[{"count":10,"href":"https:\/\/entangelments.de\/es\/wp-json\/wp\/v2\/pages\/2849\/revisions"}],"predecessor-version":[{"id":4177,"href":"https:\/\/entangelments.de\/es\/wp-json\/wp\/v2\/pages\/2849\/revisions\/4177"}],"wp:attachment":[{"href":"https:\/\/entangelments.de\/es\/wp-json\/wp\/v2\/media?parent=2849"}],"curies":[{"name":"wp","href":"https:\/\/api.w.org\/{rel}","templated":true}]}}