{"id":2836,"date":"2021-07-13T09:03:14","date_gmt":"2021-07-13T09:03:14","guid":{"rendered":"https:\/\/entangelments.de\/libertad-esmeralda-iocco"},"modified":"2022-11-01T17:15:43","modified_gmt":"2022-11-01T17:15:43","slug":"libertad-esmeralda-iocco","status":"publish","type":"page","link":"https:\/\/entangelments.de\/es\/libertad-esmeralda-iocco","title":{"rendered":"Libertad Esmeralda Iocco"},"content":{"rendered":"\n<figure class=\"wp-block-image size-large\"><img loading=\"lazy\" decoding=\"async\" width=\"1620\" height=\"1080\" src=\"https:\/\/entangelments.de\/wp-content\/uploads\/2021\/08\/IMG_0005-1620x1080.jpg\" alt=\"\" class=\"wp-image-589\" srcset=\"https:\/\/entangelments.de\/wp-content\/uploads\/2021\/08\/IMG_0005-1620x1080.jpg 1620w, https:\/\/entangelments.de\/wp-content\/uploads\/2021\/08\/IMG_0005-324x216.jpg 324w, https:\/\/entangelments.de\/wp-content\/uploads\/2021\/08\/IMG_0005-768x512.jpg 768w, https:\/\/entangelments.de\/wp-content\/uploads\/2021\/08\/IMG_0005-1536x1024.jpg 1536w, https:\/\/entangelments.de\/wp-content\/uploads\/2021\/08\/IMG_0005.jpg 2000w\" sizes=\"auto, (max-width: 1620px) 100vw, 1620px\" \/><figcaption>\u00a9 Nicol\u00e1s Freda<\/figcaption><\/figure>\n\n\n\n<p><a href=\"https:\/\/libertadesmeralda.wixsite.com\/libertad\">https:\/\/libertadesmeralda.wixsite.com\/libertad<\/a><\/p>\n\n\n\n<p><strong>Mai 2021<\/strong> Beca apoyada por el programa DIS-TANZ-SOLO para el Fraktalwerk-Proyecto \u00abEntangelments\u00bb &#8211; Embodiments of Messages in Motion.<\/p>\n\n\n\n<p><strong>2020<\/strong> Proyecto de teatro \u00abEnredos\u00bb con Marlen Wagner y Robert Krokowski<\/p>\n\n\n\n<p><strong>2020\/2021<\/strong> Coreograf\u00eda y danza para el v\u00eddeo \u00abund in der Astgabel ein Rabe\u00bb, Dir. Marlen Wagner, Berl\u00edn (Montaje en curso); Bailarina e Int\u00e9rprete en el Proyecto de Arte Participativo \u00abTraumbeute\u00bb (Presa del Sue\u00f1o), Fraktalwerk, Raum f\u00fcr \u00e4sthetische Projekte, Berl\u00edn, (Documentaci\u00f3n en curso) \/ Ense\u00f1anza de Pilates y Yoga en l\u00ednea, Preparaci\u00f3n de la Ense\u00f1anza de la Danza Contempor\u00e1nea, Tango despu\u00e9s del encierro, Planificaci\u00f3n de Proyectos de Danza Contempor\u00e1nea y Participativa.<\/p>\n\n\n\n<p><strong>2019\/2020<\/strong> Junto a Ana Kancepolsky \u00abEl viaje es nuestro\u00bb. Performance entre poes\u00eda y danza. \u00ab\u00bfPor qu\u00e9 viajas? Un viaje que hiciste hace a\u00f1os, tiene sentido en un viaje que haces ahora. La respuesta est\u00e1 en la reflexi\u00f3n de un amigo que viaja donde t\u00fa viajaste y crea nuevos caminos\u2026\u00bb. \/ Centrado en proyectos de danza participativa.<\/p>\n\n\n\n<p><strong>2018<\/strong> Bailarina en el v\u00eddeo-danza \u00abR\u00e9plica\u00bb de Mercedes Falkenberg, Producci\u00f3n Pisando Pliegos. Este video particip\u00f3 en festivales: V edici\u00f3n IMARP (Brasil), Cultural Cinema Showcase Hispanic-Latinic Heritage, (California, Estados Unidos). \u00abLa atracci\u00f3n del abrazo, desplegando su feminidad por la contundencia de los cuerpos, en el marco del tiempo\/lugar\u00bb.<\/p>\n\n\n\n<p><strong>2017\/2018<\/strong> Core\u00f3grafa en la Performance \u00abVelar Por\u00bb de Rosa Teichmann. Financiado por la Universidad Nacional de La Plata. Performance que mostr\u00f3 el di\u00e1logo de las pel\u00edculas \u00abUteros. Una mirada de Elsa Pav\u00f3n\u00bb y \u00abChicha, esperanza y dolor\u00bb. Con el prop\u00f3sito de continuar la b\u00fasqueda de Verdad y Justicia de los 30.000 desaparecidos en la \u00faltima dictadura.<\/p>\n\n\n\n<p><strong>2017\/2018<\/strong> Profesora de Conciencia Corporal en la Escuela de Danzas Tradicionales de La Plata, Buenos Aires, Argentina.<\/p>\n\n\n\n<p><strong>2013-2016 <\/strong>Estudio con Grado Profesora de danza contempor\u00e1nea. (Profesora de danza Orientaci\u00f3n en danza contempor\u00e1nea) Nota final 8,51, Otorgada por la Escuela de Danzas Cl\u00e1sicas de La Plata, Buenos Aires, Argentina.<\/p>\n\n\n\n<p><strong>2013-2016<\/strong> Bailarina en \u00abHacia la contemplaci\u00f3n\u00bb del grupo Prajna Karuna (Arg. 2013) una obra experimental entre m\u00fasica original y danza que tom\u00f3 el momento presente como elemento principal, y proyectos similares; Bailarina en \u00abSeMiCirculo\u00bb de Luc\u00eda Sandoval (Arg. 2014) una obra de danza contempor\u00e1nea y tango. \u00abMalVinas. Huellas en el agua\u00bb de Danzaaci\u00f3n (2016). Danza-video homenaje a los sobrevivientes de la guerra por Malvinas en Argentina. Director \u00abOpuesto Complementario\u00bb (2016) sobre combinaci\u00f3n de extremos opuestos.<\/p>\n\n\n\n<p><strong>2011-2018 <\/strong>Docente para ni\u00f1os (danza folcl\u00f3rica, danza y m\u00fasica), Centro de Ense\u00f1anza de Arte y Ciencia. La Plata, Buenos Aires, Argentinia; Escuela Privada \u00abJos\u00e9 Manuel Estrada\u00bb, La Plata Buenos Aires Argentinien; Escuelas P\u00fablicas N\u00b038, N\u00b021, N\u00b08 D.G.C.y E. La Plata y Escuela Berisso N\u00b0 1, Buenos Aires, Argentina<\/p>\n\n\n\n<p><strong>2008-2016 <\/strong>Estudio con Grado Bailarina int\u00e9rprete de danza contempor\u00e1nea. (Bailarina int\u00e9rprete de danza contempor\u00e1nea); otorgado por la Escuela de Danzas Cl\u00e1sicas de La Plata, Buenos Aires, Argentina<\/p>\n","protected":false},"excerpt":{"rendered":"<p>https:\/\/libertadesmeralda.wixsite.com\/libertad Mai 2021 Beca apoyada por el programa DIS-TANZ-SOLO para el Fraktalwerk-Proyecto \u00abEntangelments\u00bb &#8211; Embodiments of Messages in Motion. 2020 Proyecto de teatro \u00abEnredos\u00bb con<a class=\"moretag\" href=\"https:\/\/entangelments.de\/es\/libertad-esmeralda-iocco\"> [&#8230;]<\/a><\/p>\n","protected":false},"author":1,"featured_media":0,"parent":0,"menu_order":0,"comment_status":"closed","ping_status":"closed","template":"","meta":{"footnotes":""},"class_list":["post-2836","page","type-page","status-publish","hentry"],"_links":{"self":[{"href":"https:\/\/entangelments.de\/es\/wp-json\/wp\/v2\/pages\/2836","targetHints":{"allow":["GET"]}}],"collection":[{"href":"https:\/\/entangelments.de\/es\/wp-json\/wp\/v2\/pages"}],"about":[{"href":"https:\/\/entangelments.de\/es\/wp-json\/wp\/v2\/types\/page"}],"author":[{"embeddable":true,"href":"https:\/\/entangelments.de\/es\/wp-json\/wp\/v2\/users\/1"}],"replies":[{"embeddable":true,"href":"https:\/\/entangelments.de\/es\/wp-json\/wp\/v2\/comments?post=2836"}],"version-history":[{"count":2,"href":"https:\/\/entangelments.de\/es\/wp-json\/wp\/v2\/pages\/2836\/revisions"}],"predecessor-version":[{"id":2864,"href":"https:\/\/entangelments.de\/es\/wp-json\/wp\/v2\/pages\/2836\/revisions\/2864"}],"wp:attachment":[{"href":"https:\/\/entangelments.de\/es\/wp-json\/wp\/v2\/media?parent=2836"}],"curies":[{"name":"wp","href":"https:\/\/api.w.org\/{rel}","templated":true}]}}