{"id":2835,"date":"2021-07-13T09:03:14","date_gmt":"2021-07-13T09:03:14","guid":{"rendered":"https:\/\/entangelments.de\/libertad-esmeralda-iocco"},"modified":"2022-11-01T16:36:03","modified_gmt":"2022-11-01T16:36:03","slug":"libertad-esmeralda-iocco","status":"publish","type":"page","link":"https:\/\/entangelments.de\/en\/libertad-esmeralda-iocco","title":{"rendered":"Libertad Esmeralda Iocco"},"content":{"rendered":"\n<figure class=\"wp-block-image size-large\"><img loading=\"lazy\" decoding=\"async\" width=\"1620\" height=\"1080\" src=\"https:\/\/entangelments.de\/wp-content\/uploads\/2021\/08\/IMG_0005-1620x1080.jpg\" alt=\"\" class=\"wp-image-589\" srcset=\"https:\/\/entangelments.de\/wp-content\/uploads\/2021\/08\/IMG_0005-1620x1080.jpg 1620w, https:\/\/entangelments.de\/wp-content\/uploads\/2021\/08\/IMG_0005-324x216.jpg 324w, https:\/\/entangelments.de\/wp-content\/uploads\/2021\/08\/IMG_0005-768x512.jpg 768w, https:\/\/entangelments.de\/wp-content\/uploads\/2021\/08\/IMG_0005-1536x1024.jpg 1536w, https:\/\/entangelments.de\/wp-content\/uploads\/2021\/08\/IMG_0005.jpg 2000w\" sizes=\"auto, (max-width: 1620px) 100vw, 1620px\" \/><figcaption>\u00a9 Nicol\u00e1s Freda<\/figcaption><\/figure>\n\n\n\n<p><a href=\"https:\/\/libertadesmeralda.wixsite.com\/libertad\">https:\/\/libertadesmeralda.wixsite.com\/libertad<\/a><\/p>\n\n\n\n<p><strong>Mai 2021<\/strong>&nbsp;&nbsp;&nbsp;&nbsp;&nbsp;&nbsp;&nbsp; Scholarship supported by the programm DIS-TANZ-SOLO for the Fraktalwerk-Projekt \u201eEnt<em>angel<\/em>ments\u201c \u2013 Embodiments of Messages in Motion.<\/p>\n\n\n\n<p><strong>seit 2020&nbsp;&nbsp;&nbsp;&nbsp;&nbsp;&nbsp; <\/strong>Fraktalwerk-Projekt<strong> \u201e<\/strong>Botschaften. Die Sprache der Engel\u201c with Ulrike Lynn, Marlen Wagner and Robert Krokowski<\/p>\n\n\n\n<p><strong>2020\/2021<\/strong>&nbsp;&nbsp;&nbsp;&nbsp;&nbsp; Choreography and Dance for Video \u201eund in der Astgabel ein Rabe\u201c, Dir. Marlen Wagner, Berlin (Editing in progress); Dancer and Performer in Participatory Art Project \u201e<a href=\"http:\/\/traumbeute.de\/\">Traumbeute<\/a>\u201c (Dream Prey), <a href=\"http:\/\/fraktalwerk.de\/\">Fraktalwerk, Raum f\u00fcr \u00e4sthetische Projekte<\/a>, Berlin, (Documentation in progress) \/ Teaching Pilates and Yoga Online, Preparing Teaching Contemporary Dance, Tango after Lockdown, Planning Contemporary and Participatory Dance Projects.<\/p>\n\n\n\n<p><strong>2019\/2020<\/strong>&nbsp;&nbsp;&nbsp;&nbsp;&nbsp; Together with Ana Kancepolsky <a href=\"https:\/\/www.instagram.com\/elviaje.esnuestro\/\">&#8220;El viaje es nuestro&#8221;. <\/a>&nbsp;Performance between poetry and dance. \u201cWhy do you travel? A trip that you did years ago, makes sense in a trip that you do now. The answer is in the reflection of a friend that travels where you traveled and create new ways &#8230;\u201d. \/ Focussing on participatory dance projects.<\/p>\n\n\n\n<p><strong>2018<\/strong>&nbsp;&nbsp;&nbsp; Dancer in dance-video \u201c<a href=\"https:\/\/www.youtube.com\/watch?v=ZwSbb3KBnj4&amp;t=1s\">Replica<\/a>&#8221; by Mercedes Falkenberg, Pisando Pliegos Production. This video participated in festivals: V edition IMARP (Brasil), Cultural Cinema Showcase Hispanic-Latinic Heritage, (California, United States). \u201cThe attraction of the embrace, unfolding her femininity by the forcefulness of the bodies, in the framework of the time\/place.\u201d<\/p>\n\n\n\n<p><strong>2017\/2018<\/strong>&nbsp;&nbsp;&nbsp;&nbsp;&nbsp; Choreographer in the Performance &nbsp;<a href=\"https:\/\/bba.unlp.edu.ar\/velarpor_performance\">&#8220;Velar Por&#8221;<\/a> by Rosa Teichmann. Financed by Universidad Nacional de La Plata. Performance that showed the dialog of the films \u201cUteros. Una mirada de Elsa Pav\u00f3n\u201d and \u201cChicha, esperanza y dolor\u201d. With the purpose of continuing the search of Truth and Justice of the 30.000 disappeared people in the last dictatorship.<\/p>\n\n\n\n<p><strong>2017\/2018<\/strong>&nbsp;&nbsp;&nbsp;&nbsp;&nbsp; Professor of Body Awareness at the Escuela de Danzas Tradicionales de La Plata, Buenos Aires, Argentina<\/p>\n\n\n\n<p><strong>2013\u20132016<\/strong>&nbsp;&nbsp;&nbsp;&nbsp; Study with Degree Profesora de danza contempor\u00e1nea. (Dance Teacher Contemporary Dance Orientation) Final grade 8,51, Awarded by Escuela de Danzas Cl\u00e1sicas de La Plata, Buenos Aires, Argentinia<\/p>\n\n\n\n<p><strong>2013\u20132016<\/strong>&nbsp;&nbsp;&nbsp;&nbsp; Dancer in \u201cHacia la contemplaci\u00f3n\u201d by the group Prajna Karuna (Arg. 2013) an experimental work between original music and dance that took the present moment as the main element, and similar projects; Dancer in \u201c<a href=\"https:\/\/www.facebook.com\/media\/set\/?set=a.344645585707885.1073741852.183799101792535&amp;type=3\">SeMiCirculo<\/a>\u201d by Luc\u00eda Sandoval (Arg. 2014) a piece of contemporary and tango dance. \u201c<a href=\"https:\/\/www.youtube.com\/watch?v=xYFAOchQEBk\">MalVinas<\/a>. Huellas en el agua\u201d by Danzaaci\u00f3n (2016). Dance-video tribute to the survivors of the war for Malvinas in Argentina. Director \u201cOpuesto Complementario\u201d (2016) about combination of opposite extremes.<\/p>\n\n\n\n<p><strong>2011\u20132018<\/strong>&nbsp;&nbsp;&nbsp;&nbsp;&nbsp;&nbsp;&nbsp; Teacher for children (folk dance, dance and music), Centro de Ense\u00f1anza de Arte y Ciencia. La Plata, Buenos Aires, Argentinia; Private School \u201cJos\u00e9 Manuel Estrada\u201d, La Plata Buenos Aires Argentinien; &nbsp;Public Schools N\u00b038, N\u00b021, N\u00b08 D.G.C.y E. La Plata and Berisso School N\u00b0 1, Buenos Aires, Argentinia<\/p>\n\n\n\n<p><strong>2008\u2013201<\/strong>6&nbsp;&nbsp;&nbsp;&nbsp; Study with Degree Bailarina int\u00e9rprete de danza contempor\u00e1nea. (Dancer in contemporary dance); Awarded by Escuela de Danzas Cl\u00e1sicas de La Plata, Buenos Aires, Argentinia<\/p>\n","protected":false},"excerpt":{"rendered":"<p>https:\/\/libertadesmeralda.wixsite.com\/libertad Mai 2021&nbsp;&nbsp;&nbsp;&nbsp;&nbsp;&nbsp;&nbsp; Scholarship supported by the programm DIS-TANZ-SOLO for the Fraktalwerk-Projekt \u201eEntangelments\u201c \u2013 Embodiments of Messages in Motion. seit 2020&nbsp;&nbsp;&nbsp;&nbsp;&nbsp;&nbsp; Fraktalwerk-Projekt \u201eBotschaften. Die Sprache<a class=\"moretag\" href=\"https:\/\/entangelments.de\/en\/libertad-esmeralda-iocco\"> [&#8230;]<\/a><\/p>\n","protected":false},"author":1,"featured_media":0,"parent":0,"menu_order":0,"comment_status":"closed","ping_status":"closed","template":"","meta":{"footnotes":""},"class_list":["post-2835","page","type-page","status-publish","hentry"],"_links":{"self":[{"href":"https:\/\/entangelments.de\/en\/wp-json\/wp\/v2\/pages\/2835","targetHints":{"allow":["GET"]}}],"collection":[{"href":"https:\/\/entangelments.de\/en\/wp-json\/wp\/v2\/pages"}],"about":[{"href":"https:\/\/entangelments.de\/en\/wp-json\/wp\/v2\/types\/page"}],"author":[{"embeddable":true,"href":"https:\/\/entangelments.de\/en\/wp-json\/wp\/v2\/users\/1"}],"replies":[{"embeddable":true,"href":"https:\/\/entangelments.de\/en\/wp-json\/wp\/v2\/comments?post=2835"}],"version-history":[{"count":1,"href":"https:\/\/entangelments.de\/en\/wp-json\/wp\/v2\/pages\/2835\/revisions"}],"predecessor-version":[{"id":2837,"href":"https:\/\/entangelments.de\/en\/wp-json\/wp\/v2\/pages\/2835\/revisions\/2837"}],"wp:attachment":[{"href":"https:\/\/entangelments.de\/en\/wp-json\/wp\/v2\/media?parent=2835"}],"curies":[{"name":"wp","href":"https:\/\/api.w.org\/{rel}","templated":true}]}}